{"id":203,"date":"2020-09-17T03:45:12","date_gmt":"2020-09-17T03:45:12","guid":{"rendered":"https:\/\/hyyru.ee\/?page_id=203"},"modified":"2024-02-07T02:42:34","modified_gmt":"2024-02-07T00:42:34","slug":"contact-us","status":"publish","type":"page","link":"https:\/\/www.hyyru.ee\/?page_id=203","title":{"rendered":"Contact Us"},"content":{"rendered":"\t\t<div data-elementor-type=\"wp-page\" data-elementor-id=\"203\" class=\"elementor elementor-203\">\n\t\t\t\t\t\t\t\t\t<section class=\"elementor-section elementor-top-section elementor-element elementor-element-d623402 elementor-section-full_width elementor-section-height-default elementor-section-height-default\" data-id=\"d623402\" data-element_type=\"section\">\n\t\t\t\t\t\t<div class=\"elementor-container elementor-column-gap-no\">\n\t\t\t\t\t<div class=\"elementor-column elementor-col-100 elementor-top-column elementor-element elementor-element-b94c84b\" data-id=\"b94c84b\" data-element_type=\"column\">\n\t\t\t<div class=\"elementor-widget-wrap elementor-element-populated\">\n\t\t\t\t\t\t\t\t<div class=\"elementor-element elementor-element-2a9af28 elementor-widget elementor-widget-firbrigs_call_to_action\" data-id=\"2a9af28\" data-element_type=\"widget\" data-widget_type=\"firbrigs_call_to_action.default\">\n\t\t\t\t<div class=\"elementor-widget-container\">\n\t\t\t <section class=\"cta-section bg-color-3\">\n\t\t\t<div class=\"pattern-layer\" style=\"background-image: url();\"><\/div>\n\t\t\t<div class=\"auto-container\">\n\t\t\t\t<div class=\"inner-box clearfix\">\n\t\t\t\t\t<div class=\"text pull-left\">\n\t\t\t\t\t\t<h2>Komando kontakt<br \/><a href=\"tel:+37256479312\">+372 5647 9312<\/a><\/h2>\n\t\t\t\t\t<\/div>\n\t\t\t\t\t<div class=\"btn-box pull-right\">\n\t\t\t\t\t\t<a href=\"https:\/\/hyyru.ee\/contact-us\/\" target=\"_blank\" rel=\"nofollow\" class=\"theme-btn-one\">Contact with us<\/a>\n\t\t\t\t\t<\/div>\n\t\t\t\t<\/div>\n\t\t\t<\/div>\n\t\t<\/section> \n\t\t\t\t<\/div>\n\t\t\t\t<\/div>\n\t\t\t\t<div class=\"elementor-element elementor-element-a362f26 elementor-widget elementor-widget-firbrigs_contact\" data-id=\"a362f26\" data-element_type=\"widget\" data-widget_type=\"firbrigs_contact.default\">\n\t\t\t\t<div class=\"elementor-widget-container\">\n\t\t\t<!-- contact-section -->\n<section class=\"contact-section\">\n\t<div class=\"auto-container\">\n\t\t<div class=\"row clearfix\">\n\t\t\t<div class=\"col-lg-4 col-md-6 col-sm-12 info-column\">\n\t\t\t\t<div class=\"content_block_6\">\n\t\t\t\t\t<div class=\"info-inner\">\n\t\t\t\t\t\t<!-- Title -->\n\t\t\t\t\t\t<h2\t\t\t\t\t\t\tclass=\"typo-title-text\"> Drop us a Message\t\t\t\t\t\t<\/h2>\n\t\t\t\t\t\t<!-- Title -->\n\t\t\t\t\t\t<p>Helista julgelt!<\/p>\n\t\t\t\t\t\t<ul class=\"info-list clearfix\">\n\t\t\t\t\t\t\t\t\t\t\t\t\t\t<li>\n\t\t\t\t\t\t\t\t<i aria-hidden=\"true\" class=\" flaticon-telephone\"><\/i>\t\t\t\t\t\t\t\t<p>(+372) 5647 9312<\/p>\t\t\t\t\t\t\t<\/li>\n\t\t\t\t\t\t\t\t\t\t\t\t\t\t\t<li>\n\t\t\t\t\t\t\t\t<i aria-hidden=\"true\" class=\" flaticon-email\"><\/i>\t\t\t\t\t\t\t\t<p>info@hyyru.ee<br \/>mati.leivategija@gmail.com<\/p>\t\t\t\t\t\t\t<\/li>\n\t\t\t\t\t\t\t\t\t\t\t\t\t\t\t<li>\n\t\t\t\t\t\t\t\t<i aria-hidden=\"true\" class=\" flaticon-pin\"><\/i>\t\t\t\t\t\t\t\t<p>Paldiski mnt 492<\/p><p>H\u00fc\u00fcru k\u00fcla<\/p><p>Saue vald 76911<\/p><p>Harjumaa<\/p>\t\t\t\t\t\t\t<\/li>\n\t\t\t\t\t\t\t\t\t\t\t\t\t\t<\/ul>\n\t\t\t\t\t<\/div>\n\t\t\t\t<\/div>\n\t\t\t<\/div>\n\t\t\t<div class=\"col-lg-8 col-md-6 col-sm-12 form-column\">\n\t\t\t\t<div class=\"form-inner\">\n\t\t\t\t\t<div role=\"form\" class=\"wpcf7\" id=\"wpcf7-f185-o1\" lang=\"en-US\" dir=\"ltr\">\n<div class=\"screen-reader-response\"><p role=\"status\" aria-live=\"polite\" aria-atomic=\"true\"><\/p> <ul><\/ul><\/div>\n<form action=\"\/index.php?rest_route=%2Fwp%2Fv2%2Fpages%2F203#wpcf7-f185-o1\" method=\"post\" class=\"wpcf7-form init\" novalidate=\"novalidate\" data-status=\"init\">\n<div style=\"display: none;\">\n<input type=\"hidden\" name=\"_wpcf7\" value=\"185\" \/>\n<input type=\"hidden\" name=\"_wpcf7_version\" value=\"5.6.4\" \/>\n<input type=\"hidden\" name=\"_wpcf7_locale\" value=\"en_US\" \/>\n<input type=\"hidden\" name=\"_wpcf7_unit_tag\" value=\"wpcf7-f185-o1\" \/>\n<input type=\"hidden\" name=\"_wpcf7_container_post\" value=\"0\" \/>\n<input type=\"hidden\" name=\"_wpcf7_posted_data_hash\" value=\"\" \/>\n<\/div>\n<div class=\"default-form\">\n<div class=\"row clearfix\">\n<div class=\"col-lg-6 col-md-6 col-sm-12 form-group\">\n<span class=\"wpcf7-form-control-wrap\" data-name=\"username\"><input type=\"text\" name=\"username\" value=\"\" size=\"40\" class=\"wpcf7-form-control wpcf7-text wpcf7-validates-as-required\" aria-required=\"true\" aria-invalid=\"false\" placeholder=\"Your Name *\" \/><\/span><\/div>\n<div class=\"col-lg-6 col-md-6 col-sm-12 form-group\"><span class=\"wpcf7-form-control-wrap\" data-name=\"email\"><input type=\"email\" name=\"email\" value=\"\" size=\"40\" class=\"wpcf7-form-control wpcf7-text wpcf7-email wpcf7-validates-as-required wpcf7-validates-as-email\" aria-required=\"true\" aria-invalid=\"false\" placeholder=\"Your Email *\" \/><\/span><\/div>\n<div class=\"col-lg-6 col-md-12 col-sm-12 form-group\"><span class=\"wpcf7-form-control-wrap\" data-name=\"phone\"><input type=\"text\" name=\"phone\" value=\"\" size=\"40\" class=\"wpcf7-form-control wpcf7-text wpcf7-validates-as-required\" aria-required=\"true\" aria-invalid=\"false\" placeholder=\"Your Phone\" \/><\/span><\/div>\n<div class=\"col-lg-6 col-md-12 col-sm-12 form-group\"><span class=\"wpcf7-form-control-wrap\" data-name=\"subject\"><input type=\"text\" name=\"subject\" value=\"\" size=\"40\" class=\"wpcf7-form-control wpcf7-text wpcf7-validates-as-required\" aria-required=\"true\" aria-invalid=\"false\" placeholder=\"Subject\" \/><\/span><\/div>\n<div class=\"col-lg-12 col-md-12 col-sm-12 form-group\"><span class=\"wpcf7-form-control-wrap\" data-name=\"message\"><textarea name=\"message\" cols=\"40\" rows=\"10\" class=\"wpcf7-form-control wpcf7-textarea wpcf7-validates-as-required\" aria-required=\"true\" aria-invalid=\"false\" placeholder=\"Your Message ...\"><\/textarea><\/span><\/div>\n<div class=\"col-lg-12 col-md-12 col-sm-12 form-group message-btn\"><button class=\"wpcf7-form-control wpcf7-submit theme-btn-one\" type=\"submit\" name=\"submit-form\">Submit comment<\/button><\/div>\n<\/div>\n<\/div>\n<div class=\"wpcf7-response-output\" aria-hidden=\"true\"><\/div><\/form><\/div>\t\t\t\t<\/div>\n\t\t\t<\/div>\n\t\t<\/div>\n\t<\/div>\n<\/section>\n<!-- contact-section end -->\n\n\n\t\t\t\t<\/div>\n\t\t\t\t<\/div>\n\t\t\t\t\t<\/div>\n\t\t<\/div>\n\t\t\t\t\t\t\t<\/div>\n\t\t<\/section>\n\t\t\t\t\t\t\t<\/div>\n\t\t","protected":false},"excerpt":{"rendered":"<p>Helista julgelt! (+372) 5647 9312 mati.leivategija@gmail.com Paldiski mnt 492, H\u00fc\u00fcru k\u00fcla, Saue vald 76911Harjumaa Submit comment Komando kontakt +372 5647 [&hellip;]<\/p>\n","protected":false},"author":1,"featured_media":17,"parent":0,"menu_order":0,"comment_status":"closed","ping_status":"closed","template":"elementor_header_footer","meta":{"footnotes":""},"class_list":["post-203","page","type-page","status-publish","has-post-thumbnail","hentry"],"_links":{"self":[{"href":"https:\/\/www.hyyru.ee\/index.php?rest_route=\/wp\/v2\/pages\/203","targetHints":{"allow":["GET"]}}],"collection":[{"href":"https:\/\/www.hyyru.ee\/index.php?rest_route=\/wp\/v2\/pages"}],"about":[{"href":"https:\/\/www.hyyru.ee\/index.php?rest_route=\/wp\/v2\/types\/page"}],"author":[{"embeddable":true,"href":"https:\/\/www.hyyru.ee\/index.php?rest_route=\/wp\/v2\/users\/1"}],"replies":[{"embeddable":true,"href":"https:\/\/www.hyyru.ee\/index.php?rest_route=%2Fwp%2Fv2%2Fcomments&post=203"}],"version-history":[{"count":26,"href":"https:\/\/www.hyyru.ee\/index.php?rest_route=\/wp\/v2\/pages\/203\/revisions"}],"predecessor-version":[{"id":892,"href":"https:\/\/www.hyyru.ee\/index.php?rest_route=\/wp\/v2\/pages\/203\/revisions\/892"}],"wp:featuredmedia":[{"embeddable":true,"href":"https:\/\/www.hyyru.ee\/index.php?rest_route=\/"}],"wp:attachment":[{"href":"https:\/\/www.hyyru.ee\/index.php?rest_route=%2Fwp%2Fv2%2Fmedia&parent=203"}],"curies":[{"name":"wp","href":"https:\/\/api.w.org\/{rel}","templated":true}]}}