{"id":702,"date":"2020-09-17T05:27:12","date_gmt":"2020-09-17T05:27:12","guid":{"rendered":"https:\/\/hyyru.ee\/?page_id=245"},"modified":"2024-02-07T04:09:55","modified_gmt":"2024-02-07T02:09:55","slug":"about-us-2","status":"publish","type":"page","link":"https:\/\/www.hyyru.ee\/","title":{"rendered":"Meie komandost"},"content":{"rendered":"<div class=\"wp-block-image\">\n<figure class=\"aligncenter\"><img decoding=\"async\" src=\"https:\/\/www.hyyru.ee\/wp-content\/uploads\/2024\/02\/komando-1024x354.jpg\" alt=\"\"\/><\/figure><\/div>\n\n\n\n\n<section>\n<h2>H\u00fc\u00fcru Vabatahtlik P\u00e4\u00e4stekomando \u2013 H\u00fc\u00fcru R&amp;C Klubi MT\u00dc<\/h2>\n<p><strong>H\u00fc\u00fcru R&amp;C Klubi on asutatud 31. detsembril 1996 aastal.<\/strong><\/p>\n<p>&nbsp;<\/p>\n<p>MT\u00dc loomise eesm\u00e4rk oli n\u00f5ukogudeaegse vabatahtliku tulet\u00f5rje kadumise j\u00e4rel vabatahtliku p\u00e4\u00e4ste s\u00e4ilitamine ja vanatehnika restaureerijate \u00fchendamine.<\/p>\n<p>\u00dchingu eesm\u00e4rgiks on kogukondlik koost\u00f6\u00f6 ning \u00fchise elu- ja looduskeskkonna kaitsmine ja hoidmine.<\/p>\n<p>\u00dchingu p\u00f5hitegevusteks on mootors\u00f5idukite renoveerimine ja ehitus ning vabatahtlik tulet\u00f5rje- ja p\u00e4\u00e4stetegevus.<\/p>\n<p>Oma p\u00f5hikirjaliste eesm\u00e4rkide saavutamiseks \u00fching:<\/p>\n<ul>\n<li>propageerib ja juhendab erinevate (mh. p\u00e4\u00e4stetegevusteks vajalike) liiklusvahendite<br>renoveerimist ja ehitamist ning pakub selleks sobivat t\u00f6\u00f6keskkonda ja -vahendeid;<\/li>\n<li>propageerib ning toetab kohalikku elu- ja looduskeskkonda s\u00e4\u00e4stvaid ja turvalisust tagavaid tegevusi, korraldades selleks asjakohaseid \u00fcritusi ja koolitusi;<\/li>\n<li>kavandab ja korraldab H\u00fc\u00fcru vabatahtliku p\u00e4\u00e4stekomando tegevusi ning osaleb aktiivselt p\u00e4\u00e4ste ja ennetust\u00f6\u00f6s;<\/li>\n<li>kogub vahendeid ja kavandab arendustegevusi oma p\u00f5hikirjaliste eesm\u00e4rkide saavutamiseks ja t\u00e4itmiseks;<\/li>\n<li>edendab \u00fchingu liikmete, vabatahtlike p\u00e4\u00e4stjate, piirkonna elanike ja muude huvigruppide koost\u00f6\u00f6d \u00fchingu eesm\u00e4rkide saavutamiseks.<\/li>\n<\/ul>\n<p>\u00dching areneb j\u00e4tkuvalt, suurendades liikmete arvu ja p\u00e4devust, olles riiklikule p\u00e4\u00e4stes\u00fcsteemile usaldusv\u00e4\u00e4rne partner.<\/p>\n<p>H\u00fc\u00fcru R&amp;C Klubi MT\u00dc on <a title=\"P\u00e4\u00e4steliit\" href=\"https:\/\/paasteliit.ee\/\">P\u00e4\u00e4steliidu<\/a> liige ja j\u00e4rgib oma tegevuses <a title=\"Vaba\u00fchenduste eetikakoodeks\" href=\"https:\/\/heakodanik.ee\/vabauhenduste-eetikakoodeks\/\"> Vaba\u00fchenduste eetikakoodeksit <\/a>.<\/p>\n<\/section>\n\n\n\n\n<section>\n<h4>&nbsp;<\/h4>\n<\/section>\n\n\n\n<h2 class=\"wp-block-heading\">H\u00fc\u00fcru VPK<\/h2>\n\n\n\n<p>Paldiski mnt 492<br>H\u00fc\u00fcru k\u00fcla<br>Saue vald 76911 Harjumaa<\/p>\n\n\n\n<p>Helista:<\/p>\n\n\n\n<h4 class=\"wp-block-heading\"><a href=\"tel:(+372) 56479312\">(+372) 56479312<\/a><\/h4>\n\n\n\n<h2 class=\"wp-block-heading\">&nbsp;<\/h2>\n\n\n\n<h2 class=\"wp-block-heading\">&nbsp;<\/h2>\n\n\n\n<h2 class=\"wp-block-heading\">&nbsp;<\/h2>\n","protected":false},"excerpt":{"rendered":"<p>H\u00fc\u00fcru Vabatahtlik P\u00e4\u00e4stekomando \u2013 H\u00fc\u00fcru R&amp;C Klubi MT\u00dc H\u00fc\u00fcru R&amp;C Klubi on asutatud 31. detsembril 1996 aastal. &nbsp; MT\u00dc loomise [&hellip;]<\/p>\n","protected":false},"author":1,"featured_media":17,"parent":0,"menu_order":0,"comment_status":"closed","ping_status":"closed","template":"","meta":{"footnotes":""},"class_list":["post-702","page","type-page","status-publish","has-post-thumbnail","hentry"],"_links":{"self":[{"href":"https:\/\/www.hyyru.ee\/index.php?rest_route=\/wp\/v2\/pages\/702","targetHints":{"allow":["GET"]}}],"collection":[{"href":"https:\/\/www.hyyru.ee\/index.php?rest_route=\/wp\/v2\/pages"}],"about":[{"href":"https:\/\/www.hyyru.ee\/index.php?rest_route=\/wp\/v2\/types\/page"}],"author":[{"embeddable":true,"href":"https:\/\/www.hyyru.ee\/index.php?rest_route=\/wp\/v2\/users\/1"}],"replies":[{"embeddable":true,"href":"https:\/\/www.hyyru.ee\/index.php?rest_route=%2Fwp%2Fv2%2Fcomments&post=702"}],"version-history":[{"count":37,"href":"https:\/\/www.hyyru.ee\/index.php?rest_route=\/wp\/v2\/pages\/702\/revisions"}],"predecessor-version":[{"id":929,"href":"https:\/\/www.hyyru.ee\/index.php?rest_route=\/wp\/v2\/pages\/702\/revisions\/929"}],"wp:featuredmedia":[{"embeddable":true,"href":"https:\/\/www.hyyru.ee\/index.php?rest_route=\/"}],"wp:attachment":[{"href":"https:\/\/www.hyyru.ee\/index.php?rest_route=%2Fwp%2Fv2%2Fmedia&parent=702"}],"curies":[{"name":"wp","href":"https:\/\/api.w.org\/{rel}","templated":true}]}}